{"id":116,"date":"2025-02-19T18:00:58","date_gmt":"2025-02-19T18:00:58","guid":{"rendered":"https:\/\/atlantino.pl\/?page_id=116"},"modified":"2025-08-21T19:51:17","modified_gmt":"2025-08-21T17:51:17","slug":"polityka-zwrotow","status":"publish","type":"page","link":"https:\/\/tropilo.pl\/index.php\/polityka-zwrotow\/","title":{"rendered":"Polityka zwrot\u00f3w"},"content":{"rendered":"\t\t<div data-elementor-type=\"wp-page\" data-elementor-id=\"116\" class=\"elementor elementor-116\">\n\t\t\t\t<div class=\"elementor-element elementor-element-a1b0caf e-flex e-con-boxed e-con e-parent\" data-id=\"a1b0caf\" data-element_type=\"container\">\n\t\t\t\t\t<div class=\"e-con-inner\">\n\t\t\t\t<div class=\"elementor-element elementor-element-b47c3a3 elementor-widget elementor-widget-text-editor\" data-id=\"b47c3a3\" data-element_type=\"widget\" data-widget_type=\"text-editor.default\">\n\t\t\t\t<div class=\"elementor-widget-container\">\n\t\t\t\t\t\t\t\t\t<h2><b>Polityka zwrot\u00f3w \u2013<\/b><a href=\"http:\/\/www.atlantino.pl\"> <b>www.tropilo.pl<\/b><\/a><\/h2><h3><b>1. Prawo odst\u0105pienia od umowy<\/b><\/h3><p><span style=\"font-weight: 400;\">Klient b\u0119d\u0105cy Konsumentem, a tak\u017ce osoba fizyczna zawieraj\u0105ca umow\u0119 bez bezpo\u015bredniego zwi\u0105zku z dzia\u0142alno\u015bci\u0105 gospodarcz\u0105 (zgodnie z art. 38a ustawy o prawach konsumenta), ma prawo odst\u0105pi\u0107 od umowy sprzeda\u017cy zawartej na odleg\u0142o\u015b\u0107, bez podania przyczyny, w terminie 14 dni od dnia otrzymania towaru.<\/span><\/p><p><span style=\"font-weight: 400;\">W przypadku zam\u00f3wie\u0144 obejmuj\u0105cych wiele produkt\u00f3w dostarczanych osobno, partiami lub w cz\u0119\u015bciach, termin na odst\u0105pienie biegnie od dnia otrzymania ostatniego z towar\u00f3w.<\/span><\/p><h3><b>2. Spos\u00f3b skorzystania z prawa do odst\u0105pienia<\/b><\/h3><p><span style=\"font-weight: 400;\">Aby skorzysta\u0107 z prawa odst\u0105pienia od umowy, Klient powinien z\u0142o\u017cy\u0107 jednoznaczne o\u015bwiadczenie o odst\u0105pieniu, przesy\u0142aj\u0105c je na adres e-mail: <\/span><b>tropilo.info@gmail.com<\/b><span style=\"font-weight: 400;\">.<\/span><\/p><p><span style=\"font-weight: 400;\">Dla u\u0142atwienia mo\u017cna skorzysta\u0107 z formularza odst\u0105pienia dost\u0119pnego w stopce strony lub za\u0142\u0105czanego do wiadomo\u015bci e-mail po zakupie.<\/span><\/p><p><span style=\"font-weight: 400;\">Po z\u0142o\u017ceniu o\u015bwiadczenia, Klient zobowi\u0105zany jest do odes\u0142ania towaru nie p\u00f3\u017aniej ni\u017c 14 dni od dnia, w kt\u00f3rym poinformowa\u0142 Sprzedawc\u0119 o odst\u0105pieniu.<\/span><\/p><p><span style=\"font-weight: 400;\">Adres do zwrotu towaru zostanie wskazany mailowo \u2013 zale\u017cnie od rodzaju i \u017ar\u00f3d\u0142a zam\u00f3wienia (towar mo\u017ce by\u0107 odes\u0142any do magazynu dostawcy lub punktu po\u015bredniego).<\/span><\/p><h3><b>3. Koszty zwrotu<\/b><\/h3><p><span style=\"font-weight: 400;\">Koszt odes\u0142ania towaru do Sprzedawcy ponosi Klient. Sprzedawca nie przyjmuje przesy\u0142ek za pobraniem.<\/span><\/p><p><span style=\"font-weight: 400;\">W przypadku odst\u0105pienia od umowy, Sprzedawca zwraca Klientowi wszystkie dokonane przez niego p\u0142atno\u015bci, w tym koszty dostawy (z wyj\u0105tkiem dodatkowych koszt\u00f3w wynikaj\u0105cych z wybrania przez Klienta innej ni\u017c najta\u0144sza oferowana forma dostawy).<\/span><\/p><p><span style=\"font-weight: 400;\">Zwrot p\u0142atno\u015bci nast\u0105pi w terminie do 14 dni od dnia otrzymania zwracanego towaru lub dowodu jego odes\u0142ania \u2013 w zale\u017cno\u015bci od tego, co nast\u0105pi wcze\u015bniej.<\/span><\/p><p><span style=\"font-weight: 400;\">Zwrot zostanie dokonany przy u\u017cyciu takiego samego sposobu p\u0142atno\u015bci, jaki zosta\u0142 u\u017cyty przez Klienta, chyba \u017ce Klient wyra\u017anie zgodzi\u0142 si\u0119 na inny spos\u00f3b zwrotu \u015brodk\u00f3w.<\/span><\/p><h3><b>4. Obowi\u0105zek nale\u017cytego obchodzenia si\u0119 z towarem<\/b><\/h3><p><span style=\"font-weight: 400;\">Klient odpowiada za zmniejszenie warto\u015bci towaru b\u0119d\u0105ce wynikiem korzystania z niego w spos\u00f3b wykraczaj\u0105cy poza konieczny do stwierdzenia jego charakteru, cech i funkcjonowania.<\/span><\/p><p><span style=\"font-weight: 400;\">W przypadku stwierdzenia znacznego zu\u017cycia, uszkodze\u0144 lub brak\u00f3w, Sprzedawca ma prawo pomniejszy\u0107 zwracan\u0105 kwot\u0119 odpowiednio do utraty warto\u015bci.<\/span><\/p><h3><b>5. Brak prawa odst\u0105pienia<\/b><\/h3><p><span style=\"font-weight: 400;\">Prawo odst\u0105pienia od umowy nie przys\u0142uguje w przypadkach okre\u015blonych w art. 38 ustawy o prawach konsumenta, m.in. w odniesieniu do:<\/span><\/p><ul><li style=\"font-weight: 400;\" aria-level=\"1\"><span style=\"font-weight: 400;\">towar\u00f3w wyprodukowanych wed\u0142ug specyfikacji Klienta lub s\u0142u\u017c\u0105cych zaspokojeniu jego indywidualnych potrzeb,<\/span><\/li><li style=\"font-weight: 400;\" aria-level=\"1\"><span style=\"font-weight: 400;\">produkt\u00f3w, kt\u00f3re po otwarciu nie mog\u0105 zosta\u0107 zwr\u00f3cone ze wzgl\u0119d\u00f3w higienicznych (np. bielizna, kosmetyki \u2013 je\u015bli opakowanie zosta\u0142o naruszone),<\/span><\/li><li style=\"font-weight: 400;\" aria-level=\"1\"><span style=\"font-weight: 400;\">towar\u00f3w, kt\u00f3re po dostarczeniu zosta\u0142y trwale po\u0142\u0105czone z innymi rzeczami.<\/span><\/li><\/ul>\t\t\t\t\t\t\t\t<\/div>\n\t\t\t\t<\/div>\n\t\t\t\t\t<\/div>\n\t\t\t\t<\/div>\n\t\t\t\t<\/div>\n\t\t","protected":false},"excerpt":{"rendered":"<p>Polityka zwrot\u00f3w \u2013 www.tropilo.pl 1. Prawo odst\u0105pienia od umowy Klient b\u0119d\u0105cy Konsumentem, a tak\u017ce osoba fizyczna zawieraj\u0105ca umow\u0119 bez bezpo\u015bredniego zwi\u0105zku z dzia\u0142alno\u015bci\u0105 gospodarcz\u0105 (zgodnie z art. 38a ustawy o prawach konsumenta), ma prawo odst\u0105pi\u0107 od umowy sprzeda\u017cy zawartej na odleg\u0142o\u015b\u0107, bez podania przyczyny, w terminie 14 dni od dnia otrzymania towaru. W przypadku zam\u00f3wie\u0144 [&hellip;]<\/p>\n","protected":false},"author":1,"featured_media":0,"parent":0,"menu_order":0,"comment_status":"closed","ping_status":"closed","template":"","meta":{"ocean_post_layout":"","ocean_both_sidebars_style":"","ocean_both_sidebars_content_width":0,"ocean_both_sidebars_sidebars_width":0,"ocean_sidebar":"","ocean_second_sidebar":"","ocean_disable_margins":"enable","ocean_add_body_class":"","ocean_shortcode_before_top_bar":"","ocean_shortcode_after_top_bar":"","ocean_shortcode_before_header":"","ocean_shortcode_after_header":"","ocean_has_shortcode":"","ocean_shortcode_after_title":"","ocean_shortcode_before_footer_widgets":"","ocean_shortcode_after_footer_widgets":"","ocean_shortcode_before_footer_bottom":"","ocean_shortcode_after_footer_bottom":"","ocean_display_top_bar":"default","ocean_display_header":"default","ocean_header_style":"","ocean_center_header_left_menu":"","ocean_custom_header_template":"","ocean_custom_logo":0,"ocean_custom_retina_logo":0,"ocean_custom_logo_max_width":0,"ocean_custom_logo_tablet_max_width":0,"ocean_custom_logo_mobile_max_width":0,"ocean_custom_logo_max_height":0,"ocean_custom_logo_tablet_max_height":0,"ocean_custom_logo_mobile_max_height":0,"ocean_header_custom_menu":"","ocean_menu_typo_font_family":"","ocean_menu_typo_font_subset":"","ocean_menu_typo_font_size":0,"ocean_menu_typo_font_size_tablet":0,"ocean_menu_typo_font_size_mobile":0,"ocean_menu_typo_font_size_unit":"px","ocean_menu_typo_font_weight":"","ocean_menu_typo_font_weight_tablet":"","ocean_menu_typo_font_weight_mobile":"","ocean_menu_typo_transform":"","ocean_menu_typo_transform_tablet":"","ocean_menu_typo_transform_mobile":"","ocean_menu_typo_line_height":0,"ocean_menu_typo_line_height_tablet":0,"ocean_menu_typo_line_height_mobile":0,"ocean_menu_typo_line_height_unit":"","ocean_menu_typo_spacing":0,"ocean_menu_typo_spacing_tablet":0,"ocean_menu_typo_spacing_mobile":0,"ocean_menu_typo_spacing_unit":"","ocean_menu_link_color":"","ocean_menu_link_color_hover":"","ocean_menu_link_color_active":"","ocean_menu_link_background":"","ocean_menu_link_hover_background":"","ocean_menu_link_active_background":"","ocean_menu_social_links_bg":"","ocean_menu_social_hover_links_bg":"","ocean_menu_social_links_color":"","ocean_menu_social_hover_links_color":"","ocean_disable_title":"default","ocean_disable_heading":"default","ocean_post_title":"","ocean_post_subheading":"","ocean_post_title_style":"","ocean_post_title_background_color":"","ocean_post_title_background":0,"ocean_post_title_bg_image_position":"","ocean_post_title_bg_image_attachment":"","ocean_post_title_bg_image_repeat":"","ocean_post_title_bg_image_size":"","ocean_post_title_height":0,"ocean_post_title_bg_overlay":0.5,"ocean_post_title_bg_overlay_color":"","ocean_disable_breadcrumbs":"default","ocean_breadcrumbs_color":"","ocean_breadcrumbs_separator_color":"","ocean_breadcrumbs_links_color":"","ocean_breadcrumbs_links_hover_color":"","ocean_display_footer_widgets":"default","ocean_display_footer_bottom":"default","ocean_custom_footer_template":"","footnotes":""},"class_list":["post-116","page","type-page","status-publish","hentry","entry","owp-thumbs-layout-horizontal","owp-btn-normal","owp-tabs-layout-horizontal","has-no-thumbnails","has-product-nav"],"jetpack_sharing_enabled":true,"_links":{"self":[{"href":"https:\/\/tropilo.pl\/index.php\/wp-json\/wp\/v2\/pages\/116","targetHints":{"allow":["GET"]}}],"collection":[{"href":"https:\/\/tropilo.pl\/index.php\/wp-json\/wp\/v2\/pages"}],"about":[{"href":"https:\/\/tropilo.pl\/index.php\/wp-json\/wp\/v2\/types\/page"}],"author":[{"embeddable":true,"href":"https:\/\/tropilo.pl\/index.php\/wp-json\/wp\/v2\/users\/1"}],"replies":[{"embeddable":true,"href":"https:\/\/tropilo.pl\/index.php\/wp-json\/wp\/v2\/comments?post=116"}],"version-history":[{"count":9,"href":"https:\/\/tropilo.pl\/index.php\/wp-json\/wp\/v2\/pages\/116\/revisions"}],"predecessor-version":[{"id":849,"href":"https:\/\/tropilo.pl\/index.php\/wp-json\/wp\/v2\/pages\/116\/revisions\/849"}],"wp:attachment":[{"href":"https:\/\/tropilo.pl\/index.php\/wp-json\/wp\/v2\/media?parent=116"}],"curies":[{"name":"wp","href":"https:\/\/api.w.org\/{rel}","templated":true}]}}