{"id":808,"date":"2025-08-21T17:54:43","date_gmt":"2025-08-21T15:54:43","guid":{"rendered":"http:\/\/tropilo.pl\/?post_type=product&#038;p=808"},"modified":"2026-01-22T00:21:33","modified_gmt":"2026-01-21T23:21:33","slug":"butelka-dla-psa-4w1","status":"publish","type":"product","link":"https:\/\/tropilo.pl\/index.php\/produkt\/butelka-dla-psa-4w1\/","title":{"rendered":"BUTELKA DLA PSA 4w1"},"content":{"rendered":"<h1 data-start=\"243\" data-end=\"315\">BUTELKA DLA PSA 4w1 \u2013 POID\u0141O, MISKA, POJEMNIK NA KARM\u0118 I WORKI<\/h1>\n<p data-start=\"317\" data-end=\"504\"><strong data-start=\"320\" data-end=\"365\">Idealna na spacery, podr\u00f3\u017ce i upalne dni!<\/strong><br data-start=\"365\" data-end=\"368\" \/>Praktyczna, wielofunkcyjna butelka, dzi\u0119ki kt\u00f3rej zawsze zadbasz o swojego pupila \u2013 podasz wod\u0119, przysmaki i zadbasz o czysto\u015b\u0107 wok\u00f3\u0142.<\/p>\n<hr data-start=\"506\" data-end=\"509\" \/>\n<h2 data-start=\"511\" data-end=\"532\">\u2b50 Zalety produktu:<\/h2>\n<ul data-start=\"533\" data-end=\"1009\">\n<li data-start=\"533\" data-end=\"610\">\n<p data-start=\"535\" data-end=\"610\"><strong data-start=\"538\" data-end=\"565\">Pojemnik na wod\u0119 300 ml<\/strong> \u2013 szybkie pojenie pupila w ka\u017cdym miejscu.<\/p>\n<\/li>\n<li data-start=\"611\" data-end=\"686\">\n<p data-start=\"613\" data-end=\"686\"><strong data-start=\"616\" data-end=\"654\">Pojemnik na karm\u0119\/przysmaki 200 ml<\/strong> \u2013 nagr\u00f3d\u017a psa nawet w trasie.<\/p>\n<\/li>\n<li data-start=\"687\" data-end=\"782\">\n<p data-start=\"689\" data-end=\"782\">\ufe0f <strong data-start=\"693\" data-end=\"734\">Etui na woreczki + 1 rolka w zestawie<\/strong> \u2013 sprz\u0105tanie po psie nigdy nie by\u0142o prostsze.<\/p>\n<\/li>\n<li data-start=\"783\" data-end=\"850\">\n<p data-start=\"785\" data-end=\"850\"><strong data-start=\"788\" data-end=\"811\">\u0141opatka do odchod\u00f3w<\/strong> \u2013 higieniczne i szybkie rozwi\u0105zanie.<\/p>\n<\/li>\n<li data-start=\"851\" data-end=\"928\">\n<p data-start=\"853\" data-end=\"928\"><strong data-start=\"856\" data-end=\"882\">System zabezpieczaj\u0105cy<\/strong> \u2013 woda nie wyleje si\u0119 w torbie ani plecaku.<\/p>\n<\/li>\n<li data-start=\"929\" data-end=\"1009\">\n<p data-start=\"931\" data-end=\"1009\"><strong data-start=\"934\" data-end=\"961\">Ekologiczne rozwi\u0105zanie<\/strong> \u2013 wielokrotnego u\u017cytku i \u0142atwe w czyszczeniu.<\/p>\n<\/li>\n<\/ul>\n<hr data-start=\"1011\" data-end=\"1014\" \/>\n<h2 data-start=\"1016\" data-end=\"1038\">Dane techniczne:<\/h2>\n<ul data-start=\"1039\" data-end=\"1294\">\n<li data-start=\"1039\" data-end=\"1064\">\n<p data-start=\"1041\" data-end=\"1064\">Wysoko\u015b\u0107: <strong data-start=\"1051\" data-end=\"1062\">32,5 cm<\/strong><\/p>\n<\/li>\n<li data-start=\"1065\" data-end=\"1088\">\n<p data-start=\"1067\" data-end=\"1088\">\u015arednica: <strong data-start=\"1077\" data-end=\"1086\">10 cm<\/strong><\/p>\n<\/li>\n<li data-start=\"1089\" data-end=\"1138\">\n<p data-start=\"1091\" data-end=\"1138\">Pojemno\u015b\u0107: <strong data-start=\"1102\" data-end=\"1136\">300 ml (woda) + 200 ml (karma)<\/strong><\/p>\n<\/li>\n<li data-start=\"1139\" data-end=\"1163\">\n<p data-start=\"1141\" data-end=\"1163\">Kolor: <strong data-start=\"1148\" data-end=\"1161\">turkusowy<\/strong><\/p>\n<\/li>\n<li data-start=\"1164\" data-end=\"1220\">\n<p data-start=\"1166\" data-end=\"1220\">Materia\u0142: <strong data-start=\"1176\" data-end=\"1218\">PC, ABS (bezpieczny, klasy spo\u017cywczej)<\/strong><\/p>\n<\/li>\n<li data-start=\"1221\" data-end=\"1294\">\n<p data-start=\"1223\" data-end=\"1294\">Zestaw zawiera: butelka + pasek na r\u0119k\u0119 + 1 rolka woreczk\u00f3w + \u0142opatka<\/p>\n<\/li>\n<\/ul>\n<hr data-start=\"1296\" data-end=\"1299\" \/>\n<h2 data-start=\"1301\" data-end=\"1322\">Dlaczego warto?<\/h2>\n<p data-start=\"1323\" data-end=\"1626\">\u2714\ufe0f <strong data-start=\"1326\" data-end=\"1347\">Wszystko w jednym<\/strong> \u2013 koniec z noszeniem kilku akcesori\u00f3w na spacer.<br data-start=\"1396\" data-end=\"1399\" \/>\u2714\ufe0f <strong data-start=\"1402\" data-end=\"1426\">Praktyczna i mobilna<\/strong> \u2013 lekka, wygodna, idealna do plecaka czy torby.<br data-start=\"1474\" data-end=\"1477\" \/>\u2714\ufe0f <strong data-start=\"1480\" data-end=\"1508\">Bezpieczna i higieniczna<\/strong> \u2013 wykonana z materia\u0142\u00f3w dopuszczonych do kontaktu z \u017cywno\u015bci\u0105.<br data-start=\"1571\" data-end=\"1574\" \/>\u2714\ufe0f <strong data-start=\"1577\" data-end=\"1624\">Dla ps\u00f3w w ka\u017cdym wieku i ka\u017cdej wielko\u015bci.<\/strong><\/p>\n<hr data-start=\"1628\" data-end=\"1631\" \/>\n<h2 data-start=\"1633\" data-end=\"1650\">Idealna na:<\/h2>\n<ul data-start=\"1651\" data-end=\"1797\">\n<li data-start=\"1651\" data-end=\"1682\">\n<p data-start=\"1653\" data-end=\"1682\">spacery i d\u0142ugie wycieczki,<\/p>\n<\/li>\n<li data-start=\"1683\" data-end=\"1720\">\n<p data-start=\"1685\" data-end=\"1720\">podr\u00f3\u017ce samochodem i komunikacj\u0105,<\/p>\n<\/li>\n<li data-start=\"1721\" data-end=\"1768\">\n<p data-start=\"1723\" data-end=\"1768\">treningi i aktywno\u015bci na \u015bwie\u017cym powietrzu,<\/p>\n<\/li>\n<li data-start=\"1769\" data-end=\"1797\">\n<p data-start=\"1771\" data-end=\"1797\">ka\u017cd\u0105 wypraw\u0119 z pupilem.<\/p>\n<\/li>\n<\/ul>\n<hr data-start=\"1799\" data-end=\"1802\" \/>\n<p data-start=\"1804\" data-end=\"1909\"><strong data-start=\"1807\" data-end=\"1907\">Butelka 4w1 to niezast\u0105piony gad\u017cet dla w\u0142a\u015bcicieli ps\u00f3w i kot\u00f3w \u2013 praktyczna, trwa\u0142a i stylowa.<\/strong><\/p>\n","protected":false},"excerpt":{"rendered":"<ul>\n<li>Nie psuje si\u0119<\/li>\n<li>Odporny na temperatury<\/li>\n<li>Wzmocniona konstrukcja<\/li>\n<\/ul>\n<hr \/>\n<ul>\n<li>Zam\u00f3w do 13:00, a wy\u015blemy jeszcze dzi\u015b!<\/li>\n<li>Dostawa do 48h<\/li>\n<\/ul>\n<hr \/>\n<p><span style=\"color: #339966;\"><span style=\"color: #000000;\">Zosta\u0142o:<\/span> 79 szt. w magazynie<\/span><\/p>\n<p><span style=\"color: #999999;\"><em>93 os\u00f3b kupi\u0142o ten produkt<\/em><\/span><\/p>\n<p><img decoding=\"async\" class=\"wp-image-736 alignnone\" src=\"https:\/\/atlantino.pl\/wp-content\/uploads\/2025\/08\/1233-scaled.jpg\" alt=\"\" width=\"442\" height=\"40\" \/><\/p>\n<p><img decoding=\"async\" class=\"wp-image-730 alignnone\" src=\"https:\/\/atlantino.pl\/wp-content\/uploads\/2025\/08\/pobrane1.jpg\" alt=\"\" width=\"441\" height=\"102\" \/><\/p>\n","protected":false},"featured_media":809,"comment_status":"open","ping_status":"closed","template":"","meta":{"ocean_post_layout":"","ocean_both_sidebars_style":"","ocean_both_sidebars_content_width":0,"ocean_both_sidebars_sidebars_width":0,"ocean_sidebar":"0","ocean_second_sidebar":"0","ocean_disable_margins":"enable","ocean_add_body_class":"","ocean_shortcode_before_top_bar":"","ocean_shortcode_after_top_bar":"","ocean_shortcode_before_header":"","ocean_shortcode_after_header":"","ocean_has_shortcode":"","ocean_shortcode_after_title":"","ocean_shortcode_before_footer_widgets":"","ocean_shortcode_after_footer_widgets":"","ocean_shortcode_before_footer_bottom":"","ocean_shortcode_after_footer_bottom":"","ocean_display_top_bar":"default","ocean_display_header":"default","ocean_header_style":"","ocean_center_header_left_menu":"0","ocean_custom_header_template":"0","ocean_custom_logo":0,"ocean_custom_retina_logo":0,"ocean_custom_logo_max_width":0,"ocean_custom_logo_tablet_max_width":0,"ocean_custom_logo_mobile_max_width":0,"ocean_custom_logo_max_height":0,"ocean_custom_logo_tablet_max_height":0,"ocean_custom_logo_mobile_max_height":0,"ocean_header_custom_menu":"0","ocean_menu_typo_font_family":"0","ocean_menu_typo_font_subset":"","ocean_menu_typo_font_size":0,"ocean_menu_typo_font_size_tablet":0,"ocean_menu_typo_font_size_mobile":0,"ocean_menu_typo_font_size_unit":"px","ocean_menu_typo_font_weight":"","ocean_menu_typo_font_weight_tablet":"","ocean_menu_typo_font_weight_mobile":"","ocean_menu_typo_transform":"","ocean_menu_typo_transform_tablet":"","ocean_menu_typo_transform_mobile":"","ocean_menu_typo_line_height":0,"ocean_menu_typo_line_height_tablet":0,"ocean_menu_typo_line_height_mobile":0,"ocean_menu_typo_line_height_unit":"","ocean_menu_typo_spacing":0,"ocean_menu_typo_spacing_tablet":0,"ocean_menu_typo_spacing_mobile":0,"ocean_menu_typo_spacing_unit":"","ocean_menu_link_color":"","ocean_menu_link_color_hover":"","ocean_menu_link_color_active":"","ocean_menu_link_background":"","ocean_menu_link_hover_background":"","ocean_menu_link_active_background":"","ocean_menu_social_links_bg":"","ocean_menu_social_hover_links_bg":"","ocean_menu_social_links_color":"","ocean_menu_social_hover_links_color":"","ocean_disable_title":"default","ocean_disable_heading":"default","ocean_post_title":"","ocean_post_subheading":"","ocean_post_title_style":"","ocean_post_title_background_color":"","ocean_post_title_background":0,"ocean_post_title_bg_image_position":"","ocean_post_title_bg_image_attachment":"","ocean_post_title_bg_image_repeat":"","ocean_post_title_bg_image_size":"","ocean_post_title_height":0,"ocean_post_title_bg_overlay":0.5,"ocean_post_title_bg_overlay_color":"","ocean_disable_breadcrumbs":"default","ocean_breadcrumbs_color":"","ocean_breadcrumbs_separator_color":"","ocean_breadcrumbs_links_color":"","ocean_breadcrumbs_links_hover_color":"","ocean_display_footer_widgets":"default","ocean_display_footer_bottom":"default","ocean_custom_footer_template":"0"},"product_brand":[],"product_cat":[59,56],"product_tag":[],"class_list":{"0":"post-808","1":"product","2":"type-product","3":"status-publish","4":"has-post-thumbnail","6":"product_cat-na-spacer","7":"product_cat-promocje","9":"entry","10":"has-media","12":"first","13":"instock","14":"sale","15":"shipping-taxable","16":"purchasable","17":"product-type-simple","18":"has-rating","19":"has-product-nav","20":"col","21":"span_1_of_4","22":"owp-content-center","23":"owp-thumbs-layout-horizontal","24":"owp-btn-normal","25":"owp-tabs-layout-horizontal"},"jetpack_sharing_enabled":true,"_links":{"self":[{"href":"https:\/\/tropilo.pl\/index.php\/wp-json\/wp\/v2\/product\/808","targetHints":{"allow":["GET"]}}],"collection":[{"href":"https:\/\/tropilo.pl\/index.php\/wp-json\/wp\/v2\/product"}],"about":[{"href":"https:\/\/tropilo.pl\/index.php\/wp-json\/wp\/v2\/types\/product"}],"replies":[{"embeddable":true,"href":"https:\/\/tropilo.pl\/index.php\/wp-json\/wp\/v2\/comments?post=808"}],"wp:featuredmedia":[{"embeddable":true,"href":"https:\/\/tropilo.pl\/index.php\/wp-json\/wp\/v2\/media\/809"}],"wp:attachment":[{"href":"https:\/\/tropilo.pl\/index.php\/wp-json\/wp\/v2\/media?parent=808"}],"wp:term":[{"taxonomy":"product_brand","embeddable":true,"href":"https:\/\/tropilo.pl\/index.php\/wp-json\/wp\/v2\/product_brand?post=808"},{"taxonomy":"product_cat","embeddable":true,"href":"https:\/\/tropilo.pl\/index.php\/wp-json\/wp\/v2\/product_cat?post=808"},{"taxonomy":"product_tag","embeddable":true,"href":"https:\/\/tropilo.pl\/index.php\/wp-json\/wp\/v2\/product_tag?post=808"}],"curies":[{"name":"wp","href":"https:\/\/api.w.org\/{rel}","templated":true}]}}